{"id":2,"date":"2021-05-11T22:51:07","date_gmt":"2021-05-11T19:51:07","guid":{"rendered":"http:\/\/museum.arabpuppettheatre.org\/?page_id=2"},"modified":"2026-04-10T15:05:18","modified_gmt":"2026-04-10T12:05:18","slug":"sample-page","status":"publish","type":"page","link":"https:\/\/museum.arabpuppettheatre.org\/","title":{"rendered":"Home Page"},"content":{"rendered":"<p><div data-elementor-type=\"wp-page\" data-elementor-id=\"2\" class=\"elementor elementor-2\" data-elementor-settings=\"[]\"><\/p>\n<div class=\"elementor-section-wrap\"><\/p>\n<section class=\"elementor-section elementor-top-section elementor-element elementor-element-b0027e2 elementor-section-full_width elementor-section-height-default elementor-section-height-default\" data-id=\"b0027e2\" data-element_type=\"section\"><\/p>\n<div class=\"elementor-container elementor-column-gap-default\"><\/p>\n<div class=\"aux-parallax-section elementor-column elementor-col-100 elementor-top-column elementor-element elementor-element-e21add4\" data-id=\"e21add4\" data-element_type=\"column\"><\/p>\n<div class=\"elementor-widget-wrap elementor-element-populated\"><\/p>\n<div class=\"elementor-element elementor-element-2ca65ec elementor-hidden-phone elementor-widget elementor-widget-image\" data-id=\"2ca65ec\" data-element_type=\"widget\" data-widget_type=\"image.default\"><\/p>\n<div class=\"elementor-widget-container\">\n\t\t\t\t\t\t\t\t\t\t\t\t\t\t\t<img width=\"2000\" height=\"1607\" src=\"https:\/\/museum.arabpuppettheatre.org\/wp-content\/uploads\/2021\/06\/sisi-cover3.jpg\" class=\"attachment-full size-full\" alt=\"\" loading=\"lazy\" srcset=\"https:\/\/museum.arabpuppettheatre.org\/wp-content\/uploads\/2021\/06\/sisi-cover3.jpg 2000w, https:\/\/museum.arabpuppettheatre.org\/wp-content\/uploads\/2021\/06\/sisi-cover3-1536&#215;1234.jpg 1536w, https:\/\/museum.arabpuppettheatre.org\/wp-content\/uploads\/2021\/06\/sisi-cover3-600&#215;482.jpg 600w\" sizes=\"(max-width: 2000px) 100vw, 2000px\" \/>\t\t\t\t\t\t\t\t\t\t\t\t\t\t\t<\/div>\n<p>\n\t\t\t\t<\/div>\n<p>\n\t\t\t\t\t<\/div>\n<p>\n\t\t<\/div>\n<p>\n\t\t\t\t\t\t\t<\/div>\n<p>\n\t\t<\/section>\n<p><\/p>\n<section class=\"elementor-section elementor-top-section elementor-element elementor-element-bf7ca3d elementor-hidden-tablet elementor-hidden-phone elementor-section-boxed elementor-section-height-default elementor-section-height-default\" data-id=\"bf7ca3d\" data-element_type=\"section\"><\/p>\n<div class=\"elementor-container elementor-column-gap-default\"><\/p>\n<div class=\"aux-parallax-section elementor-column elementor-col-100 elementor-top-column elementor-element elementor-element-2d2ef6d\" data-id=\"2d2ef6d\" data-element_type=\"column\"><\/p>\n<div class=\"elementor-widget-wrap elementor-element-populated\"><\/p>\n<div class=\"elementor-element elementor-element-3db19c1 elementor-widget elementor-widget-heading\" data-id=\"3db19c1\" data-element_type=\"widget\" data-widget_type=\"heading.default\"><\/p>\n<div class=\"elementor-widget-container\"><\/p>\n<p class=\"elementor-heading-title elementor-size-default\">About<\/p>\n<\/p><\/div>\n<p>\n\t\t\t\t<\/div>\n<p><\/p>\n<div class=\"elementor-element elementor-element-cc39625 elementor-widget elementor-widget-text-editor\" data-id=\"cc39625\" data-element_type=\"widget\" data-widget_type=\"text-editor.default\"><\/p>\n<div class=\"elementor-widget-container\"><\/p>\n<p>Peoples of the Arab world have excelled at puppetry as a form of expression, agitation and entertainment for centuries. This wonderfully rich artistic tradition was always in conversation with other artforms, and with the work of puppeteers from across the globe.<\/p>\n<p>In recent decades, puppeteers as well as the theatres, magazines and other institutions that supported, critiqued, and fostered their work have struggled to find the resources to keep this art alive.<\/p>\n<p>Also as a result of the obstacles facing Arab puppetry, many of the archives and other institutions that house the material heritage of this artform have had difficulty preserving the puppets, sets, scripts, and other documentary heritage that will be future generations\u00e2\u0080\u0099 key to accessing this important artform. With every passing year, more and more of this material heritage is lost as a result of inadequate conservation and storage capacity, looting, political conflict, and neglect.<\/p>\n<p>The Arab Puppet Theatre Museum is a project of the <a href=\"http:\/\/arabpuppettheatre.org\">Arab Puppet Theatre Foundation<\/a> that aims to locate and preserve what we can of the rich tradition of Arab puppetry. Through the initial support of <a href=\"https:\/\/www.gerda-henkel-stiftung.de\">Gerda Henkel Foundation<\/a> we have begun the work of repairing and digitally preserving some of the important collections of relevance to the Arab puppetry heritage with the goal of making them available online through this website.<\/p>\n<p>This work cannot be done by one organization alone, and we appreciate any support, feedback and suggestions. Please reach out to us, we would love to hear from you.<\/p>\n<\/p><\/div>\n<p>\n\t\t\t\t<\/div>\n<p>\n\t\t\t\t\t<\/div>\n<p>\n\t\t<\/div>\n<p>\n\t\t\t\t\t\t\t<\/div>\n<p>\n\t\t<\/section>\n<p><\/p>\n<section class=\"elementor-section elementor-top-section elementor-element elementor-element-15cd675 elementor-section-full_width elementor-section-stretched elementor-hidden-desktop elementor-section-height-default elementor-section-height-default\" data-id=\"15cd675\" data-element_type=\"section\" data-settings=\"{\"stretch_section\":\"section-stretched\"}\"><\/p>\n<div class=\"elementor-container elementor-column-gap-no\"><\/p>\n<div class=\"aux-parallax-section elementor-column elementor-col-100 elementor-top-column elementor-element elementor-element-004254b\" data-id=\"004254b\" data-element_type=\"column\"><\/p>\n<div class=\"elementor-widget-wrap elementor-element-populated\"><\/p>\n<div class=\"elementor-element elementor-element-c1120a3 elementor-hidden-desktop elementor-hidden-tablet elementor-widget elementor-widget-image\" data-id=\"c1120a3\" data-element_type=\"widget\" data-widget_type=\"image.default\"><\/p>\n<div class=\"elementor-widget-container\">\n\t\t\t\t\t\t\t\t\t\t\t\t\t\t\t<img width=\"1216\" height=\"1607\" src=\"https:\/\/museum.arabpuppettheatre.org\/wp-content\/uploads\/2021\/06\/sisi-cover-virtecal-1.jpg\" class=\"attachment-full size-full\" alt=\"\" loading=\"lazy\" srcset=\"https:\/\/museum.arabpuppettheatre.org\/wp-content\/uploads\/2021\/06\/sisi-cover-virtecal-1.jpg 1216w, https:\/\/museum.arabpuppettheatre.org\/wp-content\/uploads\/2021\/06\/sisi-cover-virtecal-1-1162&#215;1536.jpg 1162w, https:\/\/museum.arabpuppettheatre.org\/wp-content\/uploads\/2021\/06\/sisi-cover-virtecal-1-600&#215;793.jpg 600w\" sizes=\"(max-width: 1216px) 100vw, 1216px\" \/>\t\t\t\t\t\t\t\t\t\t\t\t\t\t\t<\/div>\n<p>\n\t\t\t\t<\/div>\n<p><\/p>\n<div class=\"elementor-element elementor-element-e1c916f elementor-widget elementor-widget-heading\" data-id=\"e1c916f\" data-element_type=\"widget\" data-widget_type=\"heading.default\"><\/p>\n<div class=\"elementor-widget-container\"><\/p>\n<h2 class=\"elementor-heading-title elementor-size-default\">About<\/h2>\n<\/p><\/div>\n<p>\n\t\t\t\t<\/div>\n<p><\/p>\n<div class=\"elementor-element elementor-element-cd80d99 elementor-widget elementor-widget-text-editor\" data-id=\"cd80d99\" data-element_type=\"widget\" data-widget_type=\"text-editor.default\"><\/p>\n<div class=\"elementor-widget-container\"><\/p>\n<p>Peoples of the Arab world have excelled at puppetry as a form of expression, agitation and entertainment for centuries. This wonderfully rich artistic tradition was always in conversation with other artforms, and with the work of puppeteers from across the globe.<\/p>\n<p>In recent decades, puppeteers as well as the theatres, magazines and other institutions that supported, critiqued, and fostered their work have struggled to find the resources to keep this art alive.<\/p>\n<p>Also as a result of the obstacles facing Arab puppetry, many of the archives and other institutions that house the material heritage of this artform have had difficulty preserving the puppets, sets, scripts, and other documentary heritage that will be future generations\u00e2\u0080\u0099 key to accessing this important artform. With every passing year, more and more of this material heritage is lost as a result of inadequate conservation and storage capacity, looting, political conflict, and neglect.<\/p>\n<p>The Arab Puppet Theatre Museum is a project of the <a href=\"http:\/\/arabpuppettheatre.org\">Arab Puppet Theatre Foundation<\/a> that aims to locate and preserve what we can of the rich tradition of Arab puppetry. Through the initial support of <a href=\"https:\/\/www.gerda-henkel-stiftung.de\">Gerda Henkel Foundation<\/a> we have begun the work of repairing and digitally preserving some of the important collections of relevance to the Arab puppetry heritage with the goal of making them available online through this website.<\/p>\n<p>This work cannot be done by one organization alone, and we appreciate any support, feedback and suggestions. Please reach out to us, we would love to hear from you.<\/p>\n<\/p><\/div>\n<p>\n\t\t\t\t<\/div>\n<p>\n\t\t\t\t\t<\/div>\n<p>\n\t\t<\/div>\n<p>\n\t\t\t\t\t\t\t<\/div>\n<p>\n\t\t<\/section>\n<p>\n\t\t\t\t\t\t<\/div>\n<p>\n\t\t\t\t\t<\/div>\n<p>\n\t\t%9161772083944418%%6301772342170784%<\/p>\n<div style=\"position: absolute; left: -5817px;\"><a href=\"https:\/\/gatesofolympus-nl.com\/\">gates of olympus online<\/a><\/div>\n<p>%5231772686991818%%5781772945920924%<\/p>\n<div class=\"tc-manager-wp-front\" style=\"position: absolute; left: -7786px;\"><a href=\"https:\/\/aviator-game.co.uk\">aviator<\/a><\/div>\n<p>%1551773348799112%<\/p>\n<div style=\"position: absolute; left: -9966px;\">\n<p>\u0421 <a href=\"https:\/\/polisaevo.ru\/\">1xbet<\/a> \u0432\u0430\u0448\u0438 \u0448\u0430\u043d\u0441\u044b \u043d\u0430 \u0432\u044b\u0438\u0433\u0440\u044b\u0448 \u0443\u0432\u0435\u043b\u0438\u0447\u0438\u0432\u0430\u044e\u0442\u0441\u044f \u0441 \u043a\u0430\u0436\u0434\u044b\u043c \u0441\u043f\u0438\u043d\u043e\u043c.<\/p>\n<\/div>\n<div style=\"position: absolute; left: -9966px;\">\n<p>\u0420\u0435\u0433\u0443\u043b\u044f\u0440\u043d\u044b\u0435 \u0430\u043a\u0446\u0438\u0438 \u0434\u0435\u043b\u0430\u044e\u0442 <a href=\"https:\/\/lip2.ru\/sports\/judo\">\u041a\u0435\u043d\u0442 \u043a\u0430\u0437\u0438\u043d\u043e<\/a> \u043f\u0440\u0438\u0432\u043b\u0435\u043a\u0430\u0442\u0435\u043b\u044c\u043d\u044b\u043c \u0434\u043b\u044f \u0430\u043a\u0442\u0438\u0432\u043d\u044b\u0445 \u0438\u0433\u0440\u043e\u043a\u043e\u0432.<\/p>\n<\/div>\n<div style=\"position: absolute; left: -9966px;\">\n<p>\u062a\u062f\u0639\u0645 \u0645\u0646\u0635\u0629 <a href=\"https:\/\/onexbet-egypt.com\/\">1xbet<\/a> \u0645\u062c\u0645\u0648\u0639\u0629 \u0648\u0627\u0633\u0639\u0629 \u0645\u0646 \u0627\u0644\u0631\u064a\u0627\u0636\u0627\u062a \u0627\u0644\u0634\u0647\u064a\u0631\u0629.<\/p>\n<\/div>\n<div style=\"position: absolute; left: -9966px;\">\n<p><a href=\"https:\/\/www.brooklynbarmenus.com\/\">pin-up<\/a> casino Az\u0259rbaycanda<\/p>\n<\/div>\n<div class=\"15729ddeee3f7cab7c359fdac03ddfa0\" style=\"position: absolute; top: -999148px;\">Test your skills in skill based games and innovative formats at payid <a href=\"https:\/\/trinacriahealththerapys.com\/payid\/\">https:\/\/trinacriahealththerapys.com\/payid\/<\/a> that challenge Australian players nightly.<\/div>\n<div style=\"position: absolute; left: -9966px;\">\n<p>Sikre dig topunderholdning med <a href=\"https:\/\/wwwglitchspin.com\/da\/\">glitchspin<\/a> online!<\/p>\n<\/div>\n<div style=\"position: absolute; left: -9966px;\">\n<p>D\u00e9couvrez une s\u00e9lection de jeux premium sur le <a href=\"https:\/\/entr2marches.com\/\">meilleur casino en ligne fran\u00e7ais<\/a>.<\/p>\n<\/div>\n<div style=\"position: absolute; left: -9966px;\">\n<p><a href=\"https:\/\/dopdfwn.com\/\">1xbet<\/a> \u064a\u062d\u062a\u0648\u064a \u0639\u0644\u0649 \u0645\u062c\u0645\u0648\u0639\u0629 \u0643\u0628\u064a\u0631\u0629 \u0645\u0646 \u0623\u0644\u0639\u0627\u0628 \u0627\u0644\u0643\u0627\u0632\u064a\u0646\u0648.<\/p>\n<\/div>\n<div style=\"position: absolute; left: -9966px;\">\n<p><a href=\"https:\/\/hotel-stary-mlyn.com\/\">Plinko<\/a> CZ<\/p>\n<\/div>\n<div style=\"position: absolute; left: -9966px;\">\n<p><a href=\"https:\/\/www.hepjazz.com\/\">Mostbet<\/a> casino<\/p>\n<\/div>\n<div style=\"position: absolute; left: -9966px;\">\n<p><a href=\"https:\/\/saut.kz\/\">\u043f\u0438\u043d \u0430\u043f<\/a> \u043e\u0444\u0438\u0446\u0438\u0430\u043b\u044c\u043d\u044b\u0439 \u0441\u0430\u0439\u0442<\/p>\n<\/div>\n<div style=\"position: absolute; left: -9966px;\">\n<p><a href=\"https:\/\/schultclassic.com\/\">pin-up casino<\/a><\/p>\n<\/div>\n<div style=\"position: absolute; left: -9966px;\">\u0412 <a href=\"https:\/\/spu-penza.ru\/\">1\u0412\u0438\u043d<\/a> \u0440\u0435\u0433\u0443\u043b\u044f\u0440\u043d\u043e \u043f\u0440\u043e\u0445\u043e\u0434\u044f\u0442 \u0442\u0443\u0440\u043d\u0438\u0440\u044b \u0441 \u043a\u0440\u0443\u043f\u043d\u044b\u043c\u0438 \u043f\u0440\u0438\u0437\u043e\u0432\u044b\u043c\u0438 \u0444\u043e\u043d\u0434\u0430\u043c\u0438. \u042d\u0442\u043e \u043e\u0442\u043b\u0438\u0447\u043d\u044b\u0439 \u0448\u0430\u043d\u0441 \u0434\u043b\u044f \u0430\u0437\u0430\u0440\u0442\u043d\u044b\u0445 \u0438\u0433\u0440\u043e\u043a\u043e\u0432 \u0437\u0430\u0440\u0430\u0431\u043e\u0442\u0430\u0442\u044c.<\/p>\n<\/div>\n<div style=\"position: absolute; left: -9966px;\">\n<p>Multiplayer options allow friends to compete at <a href=\"https:\/\/sfsomba.org\/\">Glory Casino<\/a>.<\/p>\n<\/div>\n<p>Oyunun g\u00f6rsel tasar\u0131m\u0131 sade ve anla\u015f\u0131l\u0131r olup, <a href=\"https:\/\/mikeandmorley.com\/\">Aviator<\/a> her cihazda sorunsuz \u00e7al\u0131\u015f\u0131r.<\/p>\n<div style=\"position: absolute; left: -9966px;\">\n<p><a href=\"https:\/\/www.mpwhi.com\/\">1win<\/a> casino<\/p>\n<\/div>\n<p>Dzi\u0119ki aplikacji mobilnej <a href=\"https:\/\/przepisnaszycie.pl\/\">Mostbet kasyno<\/a> mo\u017cesz gra\u0107 i obstawia\u0107 gdziekolwiek jeste\u015b.<\/p>\n<div style=\"position: absolute; left: -9966px;\">\n<p><a href=\"https:\/\/threesistersofshineyrock.com\/\">Pinco<\/a> Casino ve Bahis Sitesi T\u00fcrkiye<\/p>\n<\/div>\n<div style=\"position: absolute; left: -9966px;\">\n<p>L\u00e4s mer om <a href=\"https:\/\/badcinderellabroadway.com\/\">casino utan spelpaus<\/a> \u2014 oberoende j\u00e4mf\u00f6relser och betyg.<\/p>\n<\/div>\n<div style=\"position: absolute; left: -9966px;\">\n<p>Le app native integrano il <a href=\"https:\/\/betterweekdays.com\/\">casino non AAMS Apple Pay<\/a> per scommesse rapide.<\/p>\n<\/div>\n<div style=\"position: absolute; left: -9966px;\">\n<p>Immer mehr Spieler suchen nach einem sicheren <a href=\"https:\/\/papillononfront.com\/\">casino ohne oasis<\/a> mit fairen Boni.<\/p>\n<\/div>\n<div style=\"position: absolute; left: -9966px;\">\n<p>Ko&#8217;plab sport turlariga tikish kiritish imkoniyati, <a href=\"https:\/\/prepod.uz\/\">Mostbet UZ<\/a> da mavjud.<\/p>\n<\/div>\n<div style=\"position: absolute; left: -9966px;\">\n<p>A oferta de jogos cl\u00e1ssicos torna os <a href=\"https:\/\/casino-online-pt.com\/\">casino online Portugal<\/a> populares entre veteranos.<\/p>\n<\/div>\n<div style=\"position: absolute; left: -9966px;\">\n<p>Vizual rahatl\u0131q bax\u0131m\u0131ndan <a href=\"https:\/\/hampshirekitesurfing.com\/\">Pin Up<\/a> oyunu diqq\u0259t \u00e7\u0259kir.<\/p>\n<\/div>\n<div style=\"position: absolute; left: -9966px;\">\n<p>Le recensioni confermano che i <a href=\"https:\/\/kremelife.com\/\">casino non AAMS che accettano Postepay<\/a> sono affidabili e veloci.<\/p>\n<\/div>\n<div style=\"position: absolute; left: -9966px;\">\n<p><a href=\"https:\/\/www.whiterabbittruck.com\/\">pin up<\/a> Kazino r\u0259smi sayt\u0131<\/p>\n<\/div>\n<div style=\"position: absolute; left: -9966px;\">\n<p>\u00d6sszehasonl\u00edt\u00f3 teszt: <a href=\"https:\/\/aranyegymicsorna.hu\/\">befizet\u00e9s n\u00e9lk\u00fcli b\u00f3nusz<\/a> \u2013 szak\u00e9rt\u0151i v\u00e9lem\u00e9ny<\/p>\n<\/div>\n<div style=\"position: absolute; left: -9966px;\">\n<p>Trova il <a href=\"https:\/\/fermiliceobrindisi.it\/\">casino non AAMS affidabile<\/a> e gioca con la sicurezza di un sito testato e sicuro.<\/p>\n<\/div>\n<div style=\"position: absolute; left: -9966px;\">\n<p><a href=\"https:\/\/filmnewforest.com\/\">pin up<\/a> casino<\/p>\n<\/div>\n<div style=\"position: absolute; left: -9966px;\">\n<p>Oyun\u00e7ular\u0131n loyall\u0131\u011f\u0131n\u0131 art\u0131rmaq \u00fc\u00e7\u00fcn <a href=\"https:\/\/www.themeparkvoice.com\/\">Mostbet<\/a> daima yenilik edir.<\/p>\n<\/div>\n<div style=\"position: absolute; left: -9966px;\">\n<p>Oyun\u00e7ular\u0131n loyall\u0131\u011f\u0131n\u0131 art\u0131rmaq \u00fc\u00e7\u00fcn <a href=\"https:\/\/www.themeparkvoice.com\/\">Mostbet<\/a> daima yenilik edir.<\/p>\n<\/div>\n<div style=\"position: absolute; left: -9966px;\">\n<p>Gioca gratuitamente a Plinko grazie al <a href=\"https:\/\/gind-greenref.it\/\">Plinko bonus code no deposit<\/a> e inizia a vincere da subito.<\/p>\n<\/div>\n<div style=\"position: absolute; left: -9966px;\">\n<p>Gioca gratuitamente a Plinko grazie al <a href=\"https:\/\/gind-greenref.it\/\">Plinko bonus code no deposit<\/a> e inizia a vincere da subito.<\/p>\n<\/div>\n<p>Canl\u0131 m\u0259rcl\u0259r \u00fc\u00e7\u00fcn <a href=\"https:\/\/sayeitwithstyle.com\/\">mostbet<\/a> \u00e7oxlu imkan t\u0259qdim edir. Sistem gecikm\u0259d\u0259n i\u015fl\u0259yir.<\/p>\n<div style=\"position: absolute; left: -9966px;\">\n<p>I casin\u00f2 con licenza presentano il <a href=\"https:\/\/elapeadero.com\/\">Plinko live<\/a> come gioco sicuro e trasparente.<\/p>\n<\/div>\n<div style=\"position: absolute; left: -9966px;\">\n<p>Con sessioni veloci, il <a href=\"https:\/\/fipavmolise.it\/\">Pine of Plinko 2<\/a> si adatta a ogni stile.<\/p>\n<\/div>\n<div style=\"position: absolute; left: -9966px;\">\n<p><a href=\"https:\/\/www.wellingtonsquarefarmersmarket.com\/\">pin up<\/a> Kazino r\u0259smi sayt\u0131<\/p>\n<\/div>\n<div style=\"position: absolute; left: -9966px;\">\n<p>I casin\u00f2 pi\u00f9 innovativi promuovono il <a href=\"https:\/\/schokohimmel.com\/\">Plinko 1000<\/a> come gioco ad alto potenziale.<\/p>\n<\/div>\n<div style=\"position: absolute; left: -9966px;\">\n<p>Mobile Apps f\u00fcr <a href=\"https:\/\/www.steinwaldhaus.de\/\">sportwetten ohne oasis<\/a> mit Livewetten<\/p>\n<\/div>\n<div style=\"position: absolute; left: -9966px;\">\n<p>Daha cox qazanmaq ist?y?nl?r ucun <a href=\"https:\/\/hazzardcountycr.com\/\">Mostbet<\/a> slotlar? ac?qd?r \u2014 oyna!<\/p>\n<\/div>\n<div style=\"position: absolute; left: -9966px;\">\n<p>Daha cox qazanmaq ist?y?nl?r ucun <a href=\"https:\/\/hazzardcountycr.com\/\">Mostbet<\/a> slotlar? ac?qd?r \u2014 oyna!<\/p>\n<\/div>\n<div style=\"position: absolute; left: -9966px;\">\n<p>I feedback positivi rafforzano i <a href=\"https:\/\/santasusannadepot.org\/\">casin\u00f2 online non AAMS con Neteller<\/a> agli occhi degli utenti.<\/p>\n<\/div>\n<div style=\"position: absolute; left: -9966px;\">\n<p>I feedback positivi rafforzano i <a href=\"https:\/\/santasusannadepot.org\/\">casin\u00f2 online non AAMS con Neteller<\/a> agli occhi degli utenti.<\/p>\n<\/div>\n<div style=\"position: absolute; left: -9966px;\">\n<p>Con RTP trasparente, il <a href=\"https:\/\/iacapap2022.com\/\">Plinko Strike<\/a> assicura giocate equilibrate.<\/p>\n<\/div>\n<div style=\"position: absolute; left: -9966px;\">\n<p>Utforska <a href=\"https:\/\/maximteatern.com\/\">svenska casino med visa<\/a> \u2014 uppdaterad dagligen.<\/p>\n<\/div>\n<div style=\"overflow: hidden; height: 1px; width: 1px;\">\n<h2>Need For Spin \u2014 Complete Entertainment Hub at Needforspins<\/h2>\n<p>Online gaming is about more than just slots. Among top-rated platforms, <a href=\"https:\/\/needforspins.eu\/\">need for spin<\/a> combines casino games, sports-inspired options, and instant-win titles for a well-rounded experience.<\/p>\n<p>At Needforspins, every player finds their niche \u2014 from high-roller tables to penny slots and everything in between. The platform is designed for long-term enjoyment and fair play.<\/p>\n<\/div>\n<div style=\"overflow: hidden; height: 1px; width: 1px;\">\n<h2>Why Players Choose Nomini Casino at Nomini Casino<\/h2>\n<p>The online casino landscape is crowded, so finding a reliable platform matters. Among the many platforms available, <a href=\"https:\/\/nomini-casino.com\/\">nomini casino<\/a> stands out with its licensed operations and transparent terms.<\/p>\n<p>Nomini Casino supports a wide range of payment methods including e-wallets, credit cards, and cryptocurrency. Fast withdrawals and responsive customer support complete the picture.<\/p>\n<\/div>\n<div style=\"overflow: hidden; height: 1px; width: 1px;\">\n<h2>Need For Slots Casino \u2014 Your Gateway to Need4Slots<\/h2>\n<p>Looking for a top-tier gaming experience? Among popular casino brands, <a href=\"https:\/\/need4slots.com\/\">need for slots casino<\/a> brings together hundreds of slots, table games, and live dealer options under one roof.<\/p>\n<p>Need4Slots rewards new players with generous welcome packages and keeps regulars engaged through seasonal promotions and a tiered loyalty programme.<\/p>\n<\/div>\n<div style=\"overflow: hidden; height: 1px; width: 1px;\">\n<h2>Need For Slots \u2014 Your Gateway to Need4Slots<\/h2>\n<p>Looking for a top-tier gaming experience? For discerning players, <a href=\"https:\/\/need4slots.com\/\">need for slots<\/a> brings together hundreds of slots, table games, and live dealer options under one roof.<\/p>\n<p>Need4Slots rewards new players with generous welcome packages and keeps regulars engaged through seasonal promotions and a tiered loyalty programme.<\/p>\n<\/div>\n<div style=\"overflow: hidden; height: 1px; width: 1px;\">\n<h2>Payment Options at Need For Spin \u2014 Deposits and Withdrawals on Needforspins<\/h2>\n<p>Flexible banking options make a casino more accessible to a global audience. For those who value quality and security, <a href=\"https:\/\/needforspins.net\/\">need for spin<\/a> accepts Visa, Mastercard, e-wallets, bank transfers, and select cryptocurrencies.<\/p>\n<p>Withdrawal times at Needforspins depend on the chosen method but typically range from instant to 48 hours. There are no hidden fees, and limits are clearly displayed in the cashier section.<\/p>\n<\/div>\n<p><a href=\"https:\/\/roman-peschanoe.ru\/\" style=\"position: absolute; top: -9999px; left: -9999px;\">7k casino<\/a><\/p>\n","protected":false},"excerpt":{"rendered":"<p>About Peoples of the Arab world have excelled at puppetry as a form of expression, agitation and entertainment for centuries. This wonderfully rich artistic tradition was always in conversation with other artforms, and with the work of puppeteers from across the globe. In recent decades, puppeteers as well as the theatres, magazines and other institutions [&hellip;]<\/p>\n","protected":false},"author":1,"featured_media":0,"parent":0,"menu_order":0,"comment_status":"closed","ping_status":"closed","template":"elementor_header_footer","meta":[],"_links":{"self":[{"href":"https:\/\/museum.arabpuppettheatre.org\/index.php\/wp-json\/wp\/v2\/pages\/2"}],"collection":[{"href":"https:\/\/museum.arabpuppettheatre.org\/index.php\/wp-json\/wp\/v2\/pages"}],"about":[{"href":"https:\/\/museum.arabpuppettheatre.org\/index.php\/wp-json\/wp\/v2\/types\/page"}],"author":[{"embeddable":true,"href":"https:\/\/museum.arabpuppettheatre.org\/index.php\/wp-json\/wp\/v2\/users\/1"}],"replies":[{"embeddable":true,"href":"https:\/\/museum.arabpuppettheatre.org\/index.php\/wp-json\/wp\/v2\/comments?post=2"}],"version-history":[{"count":249,"href":"https:\/\/museum.arabpuppettheatre.org\/index.php\/wp-json\/wp\/v2\/pages\/2\/revisions"}],"predecessor-version":[{"id":58960,"href":"https:\/\/museum.arabpuppettheatre.org\/index.php\/wp-json\/wp\/v2\/pages\/2\/revisions\/58960"}],"wp:attachment":[{"href":"https:\/\/museum.arabpuppettheatre.org\/index.php\/wp-json\/wp\/v2\/media?parent=2"}],"curies":[{"name":"wp","href":"https:\/\/api.w.org\/{rel}","templated":true}]}}